{"id":8,"date":"2025-08-14T21:06:46","date_gmt":"2025-08-14T21:06:46","guid":{"rendered":"https:\/\/reportes.arceyvargas.com\/?page_id=8"},"modified":"2025-08-14T21:06:46","modified_gmt":"2025-08-14T21:06:46","slug":"principal","status":"publish","type":"page","link":"https:\/\/denuncia.arceyvargas.com\/","title":{"rendered":"Principal"},"content":{"rendered":"<div class=\"forminator-ui forminator-custom-form forminator-custom-form-6 forminator-design--default  forminator_ajax\" data-forminator-render=\"0\" data-form=\"forminator-module-6\" data-uid=\"69df7537dca24\"><br\/><\/div><form\r\n\t\t\t\tid=\"forminator-module-6\"\r\n\t\t\t\tclass=\"forminator-ui forminator-custom-form forminator-custom-form-6 forminator-design--default  forminator_ajax\"\r\n\t\t\t\tmethod=\"post\"\r\n\t\t\t\tdata-forminator-render=\"0\"\r\n\t\t\t\tdata-form-id=\"6\"\r\n\t\t\t\t\r\n\t\t\t\tdata-design=\"default\"\r\n\t\t\t\tdata-color-option=\"theme\"\r\n\t\t\t\t\r\n\t\t\t\t\r\n\t\t\t\t\r\n\t\t\t\tdata-grid=\"open\"\r\n\t\t\t\tenctype=\"multipart\/form-data\"\r\n\t\t\t\t\r\n\t\t\t\tstyle=\"display: none;\"\r\n\t\t\t\t\r\n\t\t\t\tdata-uid=\"69df7537dca24\"\r\n\t\t\t><div role=\"alert\" aria-live=\"polite\" class=\"forminator-response-message forminator-error\" aria-hidden=\"true\"><\/div><div class=\"forminator-row\"><div id=\"section-1\" class=\"forminator-field-section forminator-col forminator-col-12 \"><div class=\"forminator-field\"><h2 class=\"forminator-title\">Formulario de Denuncia Interna \u2013 Arce y Vargas<\/h2><h3 class=\"forminator-subtitle\">Uso exclusivo para reportar situaciones laborales que requieran investigaci\u00f3n formal. (Confidencialidad garantizada, si la solicita)..<\/h3><\/div><\/div><\/div><div class=\"forminator-row\"><div id=\"section-2\" class=\"forminator-field-section forminator-col forminator-col-12 \"><div class=\"forminator-field\"><h3 class=\"forminator-subtitle\">1. Datos del denunciante (Campos obligatorios)<\/h3><\/div><\/div><\/div><div class=\"forminator-row\"><div id=\"name-1\" class=\"forminator-field-name forminator-col forminator-col-12 \"><div class=\"forminator-field\"><label for=\"forminator-field-name-1_69df7537dca24\" id=\"forminator-field-name-1_69df7537dca24-label\" class=\"forminator-label\">Nombre completo: <span class=\"forminator-required\">*<\/span><\/label><input type=\"text\" name=\"name-1\" value=\"\" placeholder=\"\" id=\"forminator-field-name-1_69df7537dca24\" class=\"forminator-input forminator-name--field\" aria-required=\"true\" \/><\/div><\/div><\/div><div class=\"forminator-row\"><div id=\"text-1\" class=\"forminator-field-text forminator-col forminator-col-12 \"><div class=\"forminator-field\"><label for=\"forminator-field-text-1_69df7537dca24\" id=\"forminator-field-text-1_69df7537dca24-label\" class=\"forminator-label\">N\u00famero de c\u00e9dula o identificaci\u00f3n: <span class=\"forminator-required\">*<\/span><\/label><input type=\"text\" name=\"text-1\" value=\"\" placeholder=\"\" id=\"forminator-field-text-1_69df7537dca24\" class=\"forminator-input forminator-name--field\" data-required=\"1\" \/><\/div><\/div><\/div><div class=\"forminator-row\"><div id=\"text-2\" class=\"forminator-field-text forminator-col forminator-col-12 \"><div class=\"forminator-field\"><label for=\"forminator-field-text-2_69df7537dca24\" id=\"forminator-field-text-2_69df7537dca24-label\" class=\"forminator-label\">Puesto de trabajo y \u00e1rea\/departamento:<\/label><input type=\"text\" name=\"text-2\" value=\"\" placeholder=\"\" id=\"forminator-field-text-2_69df7537dca24\" class=\"forminator-input forminator-name--field\" data-required=\"\" \/><\/div><\/div><\/div><div class=\"forminator-row\"><div id=\"phone-1\" class=\"forminator-field-phone forminator-col forminator-col-12 \"><div class=\"forminator-field\"><label for=\"forminator-field-phone-1_69df7537dca24\" id=\"forminator-field-phone-1_69df7537dca24-label\" class=\"forminator-label\">N\u00famero de tel\u00e9fono o extensi\u00f3n interna: <span class=\"forminator-required\">*<\/span><\/label><input type=\"text\" name=\"phone-1\" value=\"\" placeholder=\"\" id=\"forminator-field-phone-1_69df7537dca24\" class=\"forminator-input forminator-field--phone\" data-required=\"1\" aria-required=\"true\" autocomplete=\"off\" \/><\/div><\/div><\/div><div class=\"forminator-row\"><div id=\"email-1\" class=\"forminator-field-email forminator-col forminator-col-12 \"><div class=\"forminator-field\"><label for=\"forminator-field-email-1_69df7537dca24\" id=\"forminator-field-email-1_69df7537dca24-label\" class=\"forminator-label\">Correo electr\u00f3nico corporativo:<\/label><input type=\"email\" name=\"email-1\" value=\"\" placeholder=\"\" id=\"forminator-field-email-1_69df7537dca24\" class=\"forminator-input forminator-email--field\" data-required=\"\" aria-required=\"false\" \/><\/div><\/div><\/div><div class=\"forminator-row\"><div id=\"consent-1\" class=\"forminator-field-consent forminator-col forminator-col-12 \"><div class=\"forminator-field\"><label for=\"forminator-field-consent-1_69df7537dca24\" id=\"forminator-field-consent-1_69df7537dca24-label\" class=\"forminator-label\">Opci\u00f3n adicional: <span class=\"forminator-required\">*<\/span><\/label><div class=\"forminator-checkbox__wrapper\"><label id=\"forminator-field-consent-1_69df7537dca24__label\" class=\"forminator-checkbox forminator-consent\" aria-labelledby=\"forminator-field-consent-1_69df7537dca24-label\" aria-hidden=\"true\"><input type=\"checkbox\" name=\"consent-1\" id=\"forminator-field-consent-1_69df7537dca24\" value=\"checked\" aria-labelledby=\"forminator-field-consent-1_69df7537dca24-label\" aria-describedby=\"forminator-field-consent-1_69df7537dca24__description\" data-required=\"true\" aria-required=\"true\" \/><span class=\"forminator-checkbox-box\" aria-hidden=\"true\"><\/span><\/label><div id=\"forminator-field-consent-1_69df7537dca24__description\" class=\"forminator-checkbox__label forminator-consent__label\"><p>\u201cMarque aqu\u00ed si desea que su identidad sea tratada como confidencial dentro del proceso\u201d \u2013 casilla de verificaci\u00f3n<\/p><\/div><\/div><\/div><\/div><\/div><div class=\"forminator-row\"><div id=\"section-3\" class=\"forminator-field-section forminator-col forminator-col-12 \"><div class=\"forminator-field\"><h3 class=\"forminator-subtitle\">2. Datos de la persona denunciada<\/h3><\/div><\/div><\/div><div class=\"forminator-row\"><div id=\"name-2\" class=\"forminator-field-name forminator-col forminator-col-12 \"><div class=\"forminator-field\"><label for=\"forminator-field-name-2_69df7537dca24\" id=\"forminator-field-name-2_69df7537dca24-label\" class=\"forminator-label\">Nombre completo: <span class=\"forminator-required\">*<\/span><\/label><input type=\"text\" name=\"name-2\" value=\"\" placeholder=\"\" id=\"forminator-field-name-2_69df7537dca24\" class=\"forminator-input forminator-name--field\" aria-required=\"true\" \/><\/div><\/div><\/div><div class=\"forminator-row\"><div id=\"text-5\" class=\"forminator-field-text forminator-col forminator-col-12 \"><div class=\"forminator-field\"><label for=\"forminator-field-text-5_69df7537dca24\" id=\"forminator-field-text-5_69df7537dca24-label\" class=\"forminator-label\">Puesto de trabajo y \u00e1rea\/departamento:<\/label><input type=\"text\" name=\"text-5\" value=\"\" placeholder=\"\" id=\"forminator-field-text-5_69df7537dca24\" class=\"forminator-input forminator-name--field\" data-required=\"\" \/><\/div><\/div><\/div><div class=\"forminator-row\"><div id=\"section-4\" class=\"forminator-field-section forminator-col forminator-col-12 \"><div class=\"forminator-field\"><h3 class=\"forminator-subtitle\">3. Detalles de la situaci\u00f3n<\/h3><\/div><\/div><\/div><div class=\"forminator-row\"><div id=\"text-6\" class=\"forminator-field-text forminator-col forminator-col-12 \"><div class=\"forminator-field\"><label for=\"forminator-field-text-6_69df7537dca24\" id=\"forminator-field-text-6_69df7537dca24-label\" class=\"forminator-label\">Fecha o periodo aproximado de los hechos: <span class=\"forminator-required\">*<\/span><\/label><input type=\"text\" name=\"text-6\" value=\"\" placeholder=\"\" id=\"forminator-field-text-6_69df7537dca24\" class=\"forminator-input forminator-name--field\" data-required=\"1\" \/><\/div><\/div><\/div><div class=\"forminator-row\"><div id=\"text-7\" class=\"forminator-field-text forminator-col forminator-col-12 \"><div class=\"forminator-field\"><label for=\"forminator-field-text-7_69df7537dca24\" id=\"forminator-field-text-7_69df7537dca24-label\" class=\"forminator-label\">Lugar donde ocurrieron los hechos: <span class=\"forminator-required\">*<\/span><\/label><input type=\"text\" name=\"text-7\" value=\"\" placeholder=\"\" id=\"forminator-field-text-7_69df7537dca24\" class=\"forminator-input forminator-name--field\" data-required=\"1\" \/><\/div><\/div><\/div><div class=\"forminator-row\"><div id=\"textarea-1\" class=\"forminator-field-textarea forminator-col forminator-col-12 \"><div class=\"forminator-field\"><label for=\"forminator-field-textarea-1_69df7537dca24\" id=\"forminator-field-textarea-1_69df7537dca24-label\" class=\"forminator-label\">Descripci\u00f3n detallada de los hechos: <span class=\"forminator-required\">*<\/span><\/label><span id=\"forminator-field-textarea-1_69df7537dca24-description\" class=\"forminator-description\">(Indique qu\u00e9 ocurri\u00f3, c\u00f3mo ocurri\u00f3, y cualquier contexto relevante)<\/span><textarea name=\"textarea-1\" placeholder=\"\" id=\"forminator-field-textarea-1_69df7537dca24\" class=\"forminator-textarea\" rows=\"6\" style=\"min-height:140px;\" aria-describedby=\"forminator-field-textarea-1_69df7537dca24-description\" ><\/textarea><\/div><\/div><\/div><div class=\"forminator-row\"><div id=\"radio-1\" class=\"forminator-field-radio forminator-col forminator-col-12 \"><div role=\"radiogroup\" class=\"forminator-field\" aria-labelledby=\"forminator-radiogroup-radio-1-69df7537dca24-label\"><span id=\"forminator-radiogroup-radio-1-69df7537dca24-label\" class=\"forminator-label\">4. Tipo de incidente<\/span><label id=\"forminator-field-radio-1-label-1\" for=\"forminator-field-radio-1-1-69df7537dca24\" class=\"forminator-radio\" title=\"Acoso laboral\"><input type=\"radio\" name=\"radio-1\" value=\"one\" id=\"forminator-field-radio-1-1-69df7537dca24\" aria-labelledby=\"forminator-field-radio-1-label-1\" data-calculation=\"0\"   data-hidden-behavior=\"zero\"\/><span class=\"forminator-radio-bullet\" aria-hidden=\"true\"><\/span><span class=\"forminator-radio-label\">Acoso laboral<\/span><\/label><label id=\"forminator-field-radio-1-label-2\" for=\"forminator-field-radio-1-2-69df7537dca24\" class=\"forminator-radio\" title=\"Hostigamiento o amenazas\"><input type=\"radio\" name=\"radio-1\" value=\"two\" id=\"forminator-field-radio-1-2-69df7537dca24\" aria-labelledby=\"forminator-field-radio-1-label-2\" data-calculation=\"0\"   data-hidden-behavior=\"zero\"\/><span class=\"forminator-radio-bullet\" aria-hidden=\"true\"><\/span><span class=\"forminator-radio-label\">Hostigamiento o amenazas<\/span><\/label><label id=\"forminator-field-radio-1-label-3\" for=\"forminator-field-radio-1-3-69df7537dca24\" class=\"forminator-radio\" title=\"Discriminaci\u00f3n\"><input type=\"radio\" name=\"radio-1\" value=\"Discriminaci\u00f3n\" id=\"forminator-field-radio-1-3-69df7537dca24\" aria-labelledby=\"forminator-field-radio-1-label-3\" data-calculation=\"0\"   data-hidden-behavior=\"zero\"\/><span class=\"forminator-radio-bullet\" aria-hidden=\"true\"><\/span><span class=\"forminator-radio-label\">Discriminaci\u00f3n<\/span><\/label><label id=\"forminator-field-radio-1-label-4\" for=\"forminator-field-radio-1-4-69df7537dca24\" class=\"forminator-radio\" title=\"Conducta inadecuada en el lugar de trabajo\"><input type=\"radio\" name=\"radio-1\" value=\"Conducta-inadecuada-en-el-lugar-de-trabajo\" id=\"forminator-field-radio-1-4-69df7537dca24\" aria-labelledby=\"forminator-field-radio-1-label-4\" data-calculation=\"0\"   data-hidden-behavior=\"zero\"\/><span class=\"forminator-radio-bullet\" aria-hidden=\"true\"><\/span><span class=\"forminator-radio-label\">Conducta inadecuada en el lugar de trabajo<\/span><\/label><label id=\"forminator-field-radio-1-label-5\" for=\"forminator-field-radio-1-5-69df7537dca24\" class=\"forminator-radio\" title=\"Incumplimiento de pol\u00edticas internas\"><input type=\"radio\" name=\"radio-1\" value=\"Incumplimiento-de-pol\u00edticas-internas\" id=\"forminator-field-radio-1-5-69df7537dca24\" aria-labelledby=\"forminator-field-radio-1-label-5\" data-calculation=\"0\"   data-hidden-behavior=\"zero\"\/><span class=\"forminator-radio-bullet\" aria-hidden=\"true\"><\/span><span class=\"forminator-radio-label\">Incumplimiento de pol\u00edticas internas<\/span><\/label><label id=\"forminator-field-radio-1-label-6\" for=\"forminator-field-radio-1-6-69df7537dca24\" class=\"forminator-radio\" title=\"Otro (especificar en campo de texto corto)\"><input type=\"radio\" name=\"radio-1\" value=\"Otro-(especificar-en-campo-de-texto-corto)\" id=\"forminator-field-radio-1-6-69df7537dca24\" aria-labelledby=\"forminator-field-radio-1-label-6\" data-calculation=\"0\"   data-hidden-behavior=\"zero\"\/><span class=\"forminator-radio-bullet\" aria-hidden=\"true\"><\/span><span class=\"forminator-radio-label\">Otro (especificar en campo de texto corto)<\/span><\/label><\/div><\/div><\/div><div class=\"forminator-row\"><div id=\"text-8\" class=\"forminator-field-text forminator-col forminator-col-12 \"><div class=\"forminator-field\"><label for=\"forminator-field-text-8_69df7537dca24\" id=\"forminator-field-text-8_69df7537dca24-label\" class=\"forminator-label\">Ampliar punto (otros) <span class=\"forminator-required\">*<\/span><\/label><input type=\"text\" name=\"text-8\" value=\"\" placeholder=\"\" id=\"forminator-field-text-8_69df7537dca24\" class=\"forminator-input forminator-name--field\" data-required=\"1\" \/><\/div><\/div><\/div><div class=\"forminator-row\"><div id=\"select-1\" class=\"forminator-field-select forminator-col forminator-col-12 \"><div class=\"forminator-field\"><label for=\"forminator-form-6__field--select-1_69df7537dca24\" id=\"forminator-form-6__field--select-1_69df7537dca24-label\" class=\"forminator-label\">5. Evidencias disponibles<\/label><span id=\"forminator-form-6__field--select-1_69df7537dca24-description\" class=\"forminator-description\">\u00bfCuenta con pruebas o evidencias?<\/span><select  id=\"forminator-form-6__field--select-1_69df7537dca24\" class=\"forminator-select--field forminator-select2 forminator-select2-multiple\" data-required=\"\" name=\"select-1\" data-default-value=\"\" data-hidden-behavior=\"zero\" data-placeholder=\"\" data-search=\"false\" data-search-placeholder=\"\" data-checkbox=\"false\" data-allow-clear=\"false\" aria-labelledby=\"forminator-form-6__field--select-1_69df7537dca24-label\" aria-describedby=\"forminator-form-6__field--select-1_69df7537dca24-description\"><option value=\"one\"  data-calculation=\"0\">Si<\/option><option value=\"two\"  data-calculation=\"0\">No<\/option><\/select><\/div><\/div><\/div><div class=\"forminator-row\"><div id=\"upload-1\" class=\"forminator-field-upload forminator-col forminator-col-12 \"><div class=\"forminator-field\"><label for=\"forminator-field-upload-1_69df7537dca24\" id=\"forminator-field-upload-1_69df7537dca24-label\" class=\"forminator-label\">Incorpore aqui la evidencia:<\/label><span id=\"forminator-field-upload-1_69df7537dca24-description\" class=\"forminator-description\">(fotos, archivos,capturas, videos)<\/span><div class=\"forminator-multi-upload \" data-element=\"upload-1_69df7537dca24\" aria-describedby=\"forminator-field-upload-1_69df7537dca24-description\"><input type=\"file\" name=\"upload-1[]\" id=\"forminator-field-upload-1_69df7537dca24\" class=\"forminator-input-file forminator-field-upload-1_69df7537dca24-6\" multiple=\"multiple\" data-method=\"ajax\" data-size=\"8000000\" data-size-message=\"El tama\u00f1o m\u00e1ximo de archivo permitido es 8 MB. \"><div class=\"forminator-multi-upload-message\" aria-hidden=\"true\"><span class=\"forminator-icon-upload\" aria-hidden=\"true\"><\/span><p>Arrastrar y soltar (o) <a class=\"forminator-upload-file--forminator-field-upload-1_69df7537dca24\" href=\"#\" onclick=\"return false;\">cambiar archivos<\/a><\/p><\/div><\/div><ul class=\"forminator-uploaded-files upload-container-upload-1_69df7537dca24\"><\/ul><\/div><\/div><\/div><div class=\"forminator-row\"><div id=\"section-5\" class=\"forminator-field-section forminator-col forminator-col-12 \"><div class=\"forminator-field\"><h3 class=\"forminator-subtitle\">6. Testigos<\/h3><\/div><\/div><\/div><div class=\"forminator-row\"><div id=\"select-2\" class=\"forminator-field-select forminator-col forminator-col-12 \"><div class=\"forminator-field\"><label for=\"forminator-form-6__field--select-2_69df7537dca24\" id=\"forminator-form-6__field--select-2_69df7537dca24-label\" class=\"forminator-label\">\u00bfHubo testigos de los hechos? (opci\u00f3n S\u00ed\/No)<\/label><select  id=\"forminator-form-6__field--select-2_69df7537dca24\" class=\"forminator-select--field forminator-select2 forminator-select2-multiple\" data-required=\"\" name=\"select-2\" data-default-value=\"\" data-hidden-behavior=\"zero\" data-placeholder=\"\" data-search=\"false\" data-search-placeholder=\"\" data-checkbox=\"false\" data-allow-clear=\"false\" aria-labelledby=\"forminator-form-6__field--select-2_69df7537dca24-label\"><option value=\"one\"  data-calculation=\"0\">Si<\/option><option value=\"two\"  data-calculation=\"0\">No<\/option><\/select><\/div><\/div><\/div><div class=\"forminator-row\"><div id=\"name-3\" class=\"forminator-field-name forminator-col forminator-col-12 \"><div class=\"forminator-field\"><label for=\"forminator-field-name-3_69df7537dca24\" id=\"forminator-field-name-3_69df7537dca24-label\" class=\"forminator-label\">Nombre(s) de testigo(s)<\/label><span id=\"forminator-field-name-3_69df7537dca24-description\" class=\"forminator-description\">Nombres  y \u00e1rea\/departamento:<\/span><input type=\"text\" name=\"name-3\" value=\"\" placeholder=\"\" id=\"forminator-field-name-3_69df7537dca24\" class=\"forminator-input forminator-name--field\" aria-required=\"false\" aria-describedby=\"forminator-field-name-3_69df7537dca24-description\" \/><\/div><\/div><\/div><div class=\"forminator-row\"><div id=\"section-6\" class=\"forminator-field-section forminator-col forminator-col-12 \"><div class=\"forminator-field\"><h2 class=\"forminator-title\">7. Solicitud del denunciante<\/h2><\/div><\/div><\/div><div class=\"forminator-row\"><div id=\"select-3\" class=\"forminator-field-select forminator-col forminator-col-12 \"><div class=\"forminator-field\"><label for=\"forminator-form-6__field--select-3_69df7537dca24\" id=\"forminator-form-6__field--select-3_69df7537dca24-label\" class=\"forminator-label\">\u00bfDesea ser contactado para ampliar informaci\u00f3n? (S\u00ed\/No)<\/label><select  id=\"forminator-form-6__field--select-3_69df7537dca24\" class=\"forminator-select--field forminator-select2 forminator-select2-multiple\" data-required=\"\" name=\"select-3\" data-default-value=\"\" data-hidden-behavior=\"zero\" data-placeholder=\"\" data-search=\"false\" data-search-placeholder=\"\" data-checkbox=\"false\" data-allow-clear=\"false\" aria-labelledby=\"forminator-form-6__field--select-3_69df7537dca24-label\"><option value=\"one\"  data-calculation=\"0\">Si<\/option><option value=\"two\"  data-calculation=\"0\">No<\/option><\/select><\/div><\/div><\/div><div class=\"forminator-row\"><div id=\"select-4\" class=\"forminator-field-select forminator-col forminator-col-12 \"><div class=\"forminator-field\"><label for=\"forminator-form-6__field--select-4_69df7537dca24\" id=\"forminator-form-6__field--select-4_69df7537dca24-label\" class=\"forminator-label\">\u00bfDesea recibir retroalimentaci\u00f3n sobre el resultado de la investigaci\u00f3n?<\/label><select  id=\"forminator-form-6__field--select-4_69df7537dca24\" class=\"forminator-select--field forminator-select2 forminator-select2-multiple\" data-required=\"\" name=\"select-4\" data-default-value=\"\" data-hidden-behavior=\"zero\" data-placeholder=\"\" data-search=\"false\" data-search-placeholder=\"\" data-checkbox=\"false\" data-allow-clear=\"false\" aria-labelledby=\"forminator-form-6__field--select-4_69df7537dca24-label\"><option value=\"one\"  data-calculation=\"0\">Si<\/option><option value=\"two\"  data-calculation=\"0\">No<\/option><\/select><\/div><\/div><\/div><div class=\"forminator-row\"><div id=\"textarea-2\" class=\"forminator-field-textarea forminator-col forminator-col-12 \"><div class=\"forminator-field\"><label for=\"forminator-field-textarea-2_69df7537dca24\" id=\"forminator-field-textarea-2_69df7537dca24-label\" class=\"forminator-label\">Comentarios adicionales o solicitud espec\u00edfica: <span class=\"forminator-required\">*<\/span><\/label><textarea name=\"textarea-2\" placeholder=\"\" id=\"forminator-field-textarea-2_69df7537dca24\" class=\"forminator-textarea\" rows=\"6\" style=\"min-height:140px;\" ><\/textarea><\/div><\/div><\/div><div class=\"forminator-row\"><div id=\"consent-2\" class=\"forminator-field-consent forminator-col forminator-col-12 \"><div class=\"forminator-field\"><label for=\"forminator-field-consent-2_69df7537dca24\" id=\"forminator-field-consent-2_69df7537dca24-label\" class=\"forminator-label\">Declaraci\u00f3n de veracidad <span class=\"forminator-required\">*<\/span><\/label><div class=\"forminator-checkbox__wrapper\"><label id=\"forminator-field-consent-2_69df7537dca24__label\" class=\"forminator-checkbox forminator-consent\" aria-labelledby=\"forminator-field-consent-2_69df7537dca24-label\" aria-hidden=\"true\"><input type=\"checkbox\" name=\"consent-2\" id=\"forminator-field-consent-2_69df7537dca24\" value=\"checked\" aria-labelledby=\"forminator-field-consent-2_69df7537dca24-label\" aria-describedby=\"forminator-field-consent-2_69df7537dca24__description\" data-required=\"true\" aria-required=\"true\" \/><span class=\"forminator-checkbox-box\" aria-hidden=\"true\"><\/span><\/label><div id=\"forminator-field-consent-2_69df7537dca24__description\" class=\"forminator-checkbox__label forminator-consent__label\"><p>\"Declaro que la informaci\u00f3n suministrada en este formulario es verdadera y est\u00e1 basada en mi experiencia directa o en evidencias reales, y comprendo que proporcionar informaci\u00f3n falsa puede acarrear consecuencias disciplinarias.\"<\/p><\/div><\/div><\/div><\/div><\/div><div class=\"forminator-row\"><div id=\"signature-1\" class=\"forminator-field-signature forminator-col forminator-col-12 \"><div class=\"forminator-field forminator-field-signature\"><label for=\"forminator-field-ctlSignature69df7537ddda5\" id=\"forminator-field-ctlSignature69df7537ddda5-label\" class=\"forminator-label\">Firma del denunciante <span class=\"forminator-required\">*<\/span><\/label><div class=\"forminator-signature\" data-elementheight=\"180\"><span id=\"ctlSignature69df7537ddda5_placeholder\" class=\"forminator-signature--placeholder\" aria-hidden=\"true\"><\/span><div id=\"ctlSignature69df7537ddda5_Container\" class=\"forminator-signature--container\"><canvas id=\"ctlSignature69df7537ddda5\" class=\"forminator-signature-canvas\" height=\"180\" tabindex=\"-1\"><p>Your browser does not support e-Signature field.<\/p><\/canvas><\/div><\/div><input type=\"hidden\" name=\"field-signature-1\" value=\"69df7537ddda5\" class=\"signature-prefix\"><\/div><\/div><\/div><input type=\"hidden\" name=\"referer_url\" value=\"\" \/><div class=\"forminator-row forminator-row-last\"><div class=\"forminator-col\"><div class=\"forminator-field\"><button class=\"forminator-button forminator-button-submit\">Enviar Denuncia<\/button><\/div><\/div><\/div><input type=\"hidden\" id=\"forminator_nonce\" name=\"forminator_nonce\" value=\"0ff44f0385\" \/><input type=\"hidden\" name=\"_wp_http_referer\" value=\"\/index.php\/wp-json\/wp\/v2\/pages\/8\" \/><input type=\"hidden\" name=\"form_id\" value=\"6\"><input type=\"hidden\" name=\"page_id\" value=\"8\"><input type=\"hidden\" name=\"form_type\" value=\"default\"><input type=\"hidden\" name=\"current_url\" value=\"https:\/\/denuncia.arceyvargas.com\/\"><input type=\"hidden\" name=\"render_id\" value=\"0\"><input type=\"hidden\" name=\"forminator-multifile-hidden\" class=\"forminator-multifile-hidden\"><input type=\"hidden\" name=\"action\" value=\"forminator_submit_form_custom-forms\"><\/form>\n","protected":false},"excerpt":{"rendered":"","protected":false},"author":1,"featured_media":0,"parent":0,"menu_order":0,"comment_status":"closed","ping_status":"closed","template":"","meta":{"footnotes":""},"class_list":["post-8","page","type-page","status-publish","hentry"],"_links":{"self":[{"href":"https:\/\/denuncia.arceyvargas.com\/index.php\/wp-json\/wp\/v2\/pages\/8","targetHints":{"allow":["GET"]}}],"collection":[{"href":"https:\/\/denuncia.arceyvargas.com\/index.php\/wp-json\/wp\/v2\/pages"}],"about":[{"href":"https:\/\/denuncia.arceyvargas.com\/index.php\/wp-json\/wp\/v2\/types\/page"}],"author":[{"embeddable":true,"href":"https:\/\/denuncia.arceyvargas.com\/index.php\/wp-json\/wp\/v2\/users\/1"}],"replies":[{"embeddable":true,"href":"https:\/\/denuncia.arceyvargas.com\/index.php\/wp-json\/wp\/v2\/comments?post=8"}],"version-history":[{"count":1,"href":"https:\/\/denuncia.arceyvargas.com\/index.php\/wp-json\/wp\/v2\/pages\/8\/revisions"}],"predecessor-version":[{"id":10,"href":"https:\/\/denuncia.arceyvargas.com\/index.php\/wp-json\/wp\/v2\/pages\/8\/revisions\/10"}],"wp:attachment":[{"href":"https:\/\/denuncia.arceyvargas.com\/index.php\/wp-json\/wp\/v2\/media?parent=8"}],"curies":[{"name":"wp","href":"https:\/\/api.w.org\/{rel}","templated":true}]}}